{"id":2,"date":"2025-12-05T04:56:09","date_gmt":"2025-12-05T04:56:09","guid":{"rendered":"https:\/\/wp.websprosites.com\/eighthsite\/?page_id=2"},"modified":"2025-12-07T01:21:44","modified_gmt":"2025-12-07T01:21:44","slug":"pagina-ejemplo","status":"publish","type":"page","link":"https:\/\/seproem.com.mx\/?page_id=2","title":{"rendered":"Nosotros"},"content":{"rendered":"\n<p>En SEPROEM somos una firma especializada en servicios profesionales empresariales y de administraci\u00f3n, dedicada a fortalecer la estructura interna de las organizaciones mediante soluciones claras, pr\u00e1cticas y orientadas a resultados. Nuestro enfoque se centra en mejorar la eficiencia operativa, estandarizar procesos clave y proporcionar herramientas administrativas funcionales que faciliten la toma de decisiones.<\/p>\n\n\n\n<p>Trabajamos bajo un modelo innovador basado en <strong>serviproductos<\/strong>, servicios administrativos estructurados con entregables definidos, precios accesibles y tiempos de ejecuci\u00f3n precisos. Esto permite a nuestros clientes adquirir soluciones administrativas de forma inmediata, sin complicaciones y con total transparencia.<\/p>\n\n\n\n<p>Nuestro prop\u00f3sito es apoyar a emprendedores, microempresas, PYMEs y organizaciones en la construcci\u00f3n de bases administrativas s\u00f3lidas, ayud\u00e1ndoles a ordenar sus procesos, optimizar recursos, mejorar la comunicaci\u00f3n interna y lograr una operaci\u00f3n m\u00e1s eficaz y sostenible.<\/p>\n\n\n\n<p>Cada serviproducto de SEPROEM est\u00e1 dise\u00f1ado para generar valor real desde el primer d\u00eda: diagn\u00f3sticos puntuales, organizaci\u00f3n documental, procesos internos, control administrativo, capacitaci\u00f3n y herramientas pr\u00e1cticas de gesti\u00f3n. Nos enfocamos en mejorar las \u00e1reas que sostienen el funcionamiento diario de cualquier empresa.<\/p>\n\n\n\n<p>Creemos en la claridad, la metodolog\u00eda y la precisi\u00f3n. Por eso, ofrecemos un acompa\u00f1amiento profesional, confidencial y responsable, comprometi\u00e9ndonos con la mejora continua de cada organizaci\u00f3n con la que trabajamos.<\/p>\n\n\n\n<p>SEPROEM es un aliado estrat\u00e9gico para quienes buscan orden, estructura y eficiencia en su operaci\u00f3n administrativa.<\/p>\n","protected":false},"excerpt":{"rendered":"<p>En SEPROEM somos una firma especializada en servicios profesionales empresariales y de administraci\u00f3n, dedicada a &#8230;<\/p>\n","protected":false},"author":1,"featured_media":94,"parent":0,"menu_order":0,"comment_status":"closed","ping_status":"open","template":"","meta":{"footnotes":"","_links_to":"","_links_to_target":""},"class_list":["post-2","page","type-page","status-publish","has-post-thumbnail","hentry"],"_links":{"self":[{"href":"https:\/\/seproem.com.mx\/index.php?rest_route=\/wp\/v2\/pages\/2","targetHints":{"allow":["GET"]}}],"collection":[{"href":"https:\/\/seproem.com.mx\/index.php?rest_route=\/wp\/v2\/pages"}],"about":[{"href":"https:\/\/seproem.com.mx\/index.php?rest_route=\/wp\/v2\/types\/page"}],"author":[{"embeddable":true,"href":"https:\/\/seproem.com.mx\/index.php?rest_route=\/wp\/v2\/users\/1"}],"replies":[{"embeddable":true,"href":"https:\/\/seproem.com.mx\/index.php?rest_route=%2Fwp%2Fv2%2Fcomments&post=2"}],"version-history":[{"count":2,"href":"https:\/\/seproem.com.mx\/index.php?rest_route=\/wp\/v2\/pages\/2\/revisions"}],"predecessor-version":[{"id":117,"href":"https:\/\/seproem.com.mx\/index.php?rest_route=\/wp\/v2\/pages\/2\/revisions\/117"}],"wp:featuredmedia":[{"embeddable":true,"href":"https:\/\/seproem.com.mx\/index.php?rest_route=\/wp\/v2\/media\/94"}],"wp:attachment":[{"href":"https:\/\/seproem.com.mx\/index.php?rest_route=%2Fwp%2Fv2%2Fmedia&parent=2"}],"curies":[{"name":"wp","href":"https:\/\/api.w.org\/{rel}","templated":true}]}}