{"id":79,"date":"2025-12-07T00:26:47","date_gmt":"2025-12-07T00:26:47","guid":{"rendered":"https:\/\/wp.websprosites.com\/eighthsite\/?product=revision-de-estado-administrativo-inicial"},"modified":"2025-12-07T01:14:44","modified_gmt":"2025-12-07T01:14:44","slug":"revision-de-estado-administrativo-inicial","status":"publish","type":"product","link":"https:\/\/seproem.com.mx\/?product=revision-de-estado-administrativo-inicial","title":{"rendered":"Revisi\u00f3n de Estado Administrativo Inicial"},"content":{"rendered":"<p>Evaluaci\u00f3n b\u00e1sica del estado administrativo actual, identificando puntos cr\u00edticos y \u00e1reas de mejora. Incluye mini reporte con 3 hallazgos clave.<\/p>\n","protected":false},"excerpt":{"rendered":"<p>Evaluaci\u00f3n ligera del orden administrativo.<\/p>\n","protected":false},"featured_media":110,"comment_status":"open","ping_status":"closed","template":"","meta":{"_links_to":"","_links_to_target":""},"product_brand":[],"product_cat":[17],"product_tag":[],"class_list":{"0":"post-79","1":"product","2":"type-product","3":"status-publish","4":"has-post-thumbnail","6":"product_cat-diagnosticos","8":"first","9":"instock","10":"shipping-taxable","11":"purchasable","12":"product-type-simple"},"_links":{"self":[{"href":"https:\/\/seproem.com.mx\/index.php?rest_route=\/wp\/v2\/product\/79","targetHints":{"allow":["GET"]}}],"collection":[{"href":"https:\/\/seproem.com.mx\/index.php?rest_route=\/wp\/v2\/product"}],"about":[{"href":"https:\/\/seproem.com.mx\/index.php?rest_route=\/wp\/v2\/types\/product"}],"replies":[{"embeddable":true,"href":"https:\/\/seproem.com.mx\/index.php?rest_route=%2Fwp%2Fv2%2Fcomments&post=79"}],"wp:featuredmedia":[{"embeddable":true,"href":"https:\/\/seproem.com.mx\/index.php?rest_route=\/wp\/v2\/media\/110"}],"wp:attachment":[{"href":"https:\/\/seproem.com.mx\/index.php?rest_route=%2Fwp%2Fv2%2Fmedia&parent=79"}],"wp:term":[{"taxonomy":"product_brand","embeddable":true,"href":"https:\/\/seproem.com.mx\/index.php?rest_route=%2Fwp%2Fv2%2Fproduct_brand&post=79"},{"taxonomy":"product_cat","embeddable":true,"href":"https:\/\/seproem.com.mx\/index.php?rest_route=%2Fwp%2Fv2%2Fproduct_cat&post=79"},{"taxonomy":"product_tag","embeddable":true,"href":"https:\/\/seproem.com.mx\/index.php?rest_route=%2Fwp%2Fv2%2Fproduct_tag&post=79"}],"curies":[{"name":"wp","href":"https:\/\/api.w.org\/{rel}","templated":true}]}}