{"id":86,"date":"2025-12-07T00:26:48","date_gmt":"2025-12-07T00:26:48","guid":{"rendered":"https:\/\/wp.websprosites.com\/eighthsite\/?product=revision-de-presentacion-corporativa"},"modified":"2025-12-07T01:19:05","modified_gmt":"2025-12-07T01:19:05","slug":"revision-de-presentacion-corporativa","status":"publish","type":"product","link":"https:\/\/seproem.com.mx\/?product=revision-de-presentacion-corporativa","title":{"rendered":"Revisi\u00f3n de Presentaci\u00f3n Corporativa"},"content":{"rendered":"<p>Revisi\u00f3n profesional de presentaci\u00f3n corporativa con ajustes b\u00e1sicos de contenido y estructura.<\/p>\n","protected":false},"excerpt":{"rendered":"<p>Correcci\u00f3n y mejora de pitch deck ligero.<\/p>\n","protected":false},"featured_media":110,"comment_status":"open","ping_status":"closed","template":"","meta":{"_links_to":"","_links_to_target":""},"product_brand":[],"product_cat":[23],"product_tag":[],"class_list":{"0":"post-86","1":"product","2":"type-product","3":"status-publish","4":"has-post-thumbnail","6":"product_cat-consultoria","8":"first","9":"instock","10":"shipping-taxable","11":"purchasable","12":"product-type-simple"},"_links":{"self":[{"href":"https:\/\/seproem.com.mx\/index.php?rest_route=\/wp\/v2\/product\/86","targetHints":{"allow":["GET"]}}],"collection":[{"href":"https:\/\/seproem.com.mx\/index.php?rest_route=\/wp\/v2\/product"}],"about":[{"href":"https:\/\/seproem.com.mx\/index.php?rest_route=\/wp\/v2\/types\/product"}],"replies":[{"embeddable":true,"href":"https:\/\/seproem.com.mx\/index.php?rest_route=%2Fwp%2Fv2%2Fcomments&post=86"}],"wp:featuredmedia":[{"embeddable":true,"href":"https:\/\/seproem.com.mx\/index.php?rest_route=\/wp\/v2\/media\/110"}],"wp:attachment":[{"href":"https:\/\/seproem.com.mx\/index.php?rest_route=%2Fwp%2Fv2%2Fmedia&parent=86"}],"wp:term":[{"taxonomy":"product_brand","embeddable":true,"href":"https:\/\/seproem.com.mx\/index.php?rest_route=%2Fwp%2Fv2%2Fproduct_brand&post=86"},{"taxonomy":"product_cat","embeddable":true,"href":"https:\/\/seproem.com.mx\/index.php?rest_route=%2Fwp%2Fv2%2Fproduct_cat&post=86"},{"taxonomy":"product_tag","embeddable":true,"href":"https:\/\/seproem.com.mx\/index.php?rest_route=%2Fwp%2Fv2%2Fproduct_tag&post=86"}],"curies":[{"name":"wp","href":"https:\/\/api.w.org\/{rel}","templated":true}]}}