{"id":88,"date":"2025-12-07T00:26:48","date_gmt":"2025-12-07T00:26:48","guid":{"rendered":"https:\/\/wp.websprosites.com\/eighthsite\/?product=capacitacion-express-en-organizacion-administrativa"},"modified":"2025-12-07T01:13:30","modified_gmt":"2025-12-07T01:13:30","slug":"capacitacion-express-en-organizacion-administrativa","status":"publish","type":"product","link":"https:\/\/seproem.com.mx\/?product=capacitacion-express-en-organizacion-administrativa","title":{"rendered":"Capacitaci\u00f3n Express en Organizaci\u00f3n Administrativa"},"content":{"rendered":"<p>Capacitaci\u00f3n express enfocada en organizaci\u00f3n administrativa y buenas pr\u00e1cticas de gesti\u00f3n.<\/p>\n","protected":false},"excerpt":{"rendered":"<p>Sesi\u00f3n virtual de 30 minutos.<\/p>\n","protected":false},"featured_media":110,"comment_status":"open","ping_status":"closed","template":"","meta":{"_links_to":"","_links_to_target":""},"product_brand":[],"product_cat":[24],"product_tag":[],"class_list":{"0":"post-88","1":"product","2":"type-product","3":"status-publish","4":"has-post-thumbnail","6":"product_cat-capacitacion","8":"first","9":"instock","10":"shipping-taxable","11":"purchasable","12":"product-type-simple"},"_links":{"self":[{"href":"https:\/\/seproem.com.mx\/index.php?rest_route=\/wp\/v2\/product\/88","targetHints":{"allow":["GET"]}}],"collection":[{"href":"https:\/\/seproem.com.mx\/index.php?rest_route=\/wp\/v2\/product"}],"about":[{"href":"https:\/\/seproem.com.mx\/index.php?rest_route=\/wp\/v2\/types\/product"}],"replies":[{"embeddable":true,"href":"https:\/\/seproem.com.mx\/index.php?rest_route=%2Fwp%2Fv2%2Fcomments&post=88"}],"wp:featuredmedia":[{"embeddable":true,"href":"https:\/\/seproem.com.mx\/index.php?rest_route=\/wp\/v2\/media\/110"}],"wp:attachment":[{"href":"https:\/\/seproem.com.mx\/index.php?rest_route=%2Fwp%2Fv2%2Fmedia&parent=88"}],"wp:term":[{"taxonomy":"product_brand","embeddable":true,"href":"https:\/\/seproem.com.mx\/index.php?rest_route=%2Fwp%2Fv2%2Fproduct_brand&post=88"},{"taxonomy":"product_cat","embeddable":true,"href":"https:\/\/seproem.com.mx\/index.php?rest_route=%2Fwp%2Fv2%2Fproduct_cat&post=88"},{"taxonomy":"product_tag","embeddable":true,"href":"https:\/\/seproem.com.mx\/index.php?rest_route=%2Fwp%2Fv2%2Fproduct_tag&post=88"}],"curies":[{"name":"wp","href":"https:\/\/api.w.org\/{rel}","templated":true}]}}