{"id":90,"date":"2025-12-07T00:26:48","date_gmt":"2025-12-07T00:26:48","guid":{"rendered":"https:\/\/wp.websprosites.com\/eighthsite\/?product=politicas-internas-basicas-paquete-3"},"modified":"2025-12-07T01:11:30","modified_gmt":"2025-12-07T01:11:30","slug":"politicas-internas-basicas-paquete-3","status":"publish","type":"product","link":"https:\/\/seproem.com.mx\/?product=politicas-internas-basicas-paquete-3","title":{"rendered":"Pol\u00edticas Internas B\u00e1sicas (Paquete 3)"},"content":{"rendered":"<p>Redacci\u00f3n de 3 pol\u00edticas internas est\u00e1ndar: puntualidad, uso de recursos y confidencialidad.<\/p>\n","protected":false},"excerpt":{"rendered":"<p>Creaci\u00f3n de 3 pol\u00edticas esenciales.<\/p>\n","protected":false},"featured_media":110,"comment_status":"open","ping_status":"closed","template":"","meta":{"_links_to":"","_links_to_target":""},"product_brand":[],"product_cat":[25],"product_tag":[],"class_list":{"0":"post-90","1":"product","2":"type-product","3":"status-publish","4":"has-post-thumbnail","6":"product_cat-control-interno","8":"first","9":"instock","10":"shipping-taxable","11":"purchasable","12":"product-type-simple"},"_links":{"self":[{"href":"https:\/\/seproem.com.mx\/index.php?rest_route=\/wp\/v2\/product\/90","targetHints":{"allow":["GET"]}}],"collection":[{"href":"https:\/\/seproem.com.mx\/index.php?rest_route=\/wp\/v2\/product"}],"about":[{"href":"https:\/\/seproem.com.mx\/index.php?rest_route=\/wp\/v2\/types\/product"}],"replies":[{"embeddable":true,"href":"https:\/\/seproem.com.mx\/index.php?rest_route=%2Fwp%2Fv2%2Fcomments&post=90"}],"wp:featuredmedia":[{"embeddable":true,"href":"https:\/\/seproem.com.mx\/index.php?rest_route=\/wp\/v2\/media\/110"}],"wp:attachment":[{"href":"https:\/\/seproem.com.mx\/index.php?rest_route=%2Fwp%2Fv2%2Fmedia&parent=90"}],"wp:term":[{"taxonomy":"product_brand","embeddable":true,"href":"https:\/\/seproem.com.mx\/index.php?rest_route=%2Fwp%2Fv2%2Fproduct_brand&post=90"},{"taxonomy":"product_cat","embeddable":true,"href":"https:\/\/seproem.com.mx\/index.php?rest_route=%2Fwp%2Fv2%2Fproduct_cat&post=90"},{"taxonomy":"product_tag","embeddable":true,"href":"https:\/\/seproem.com.mx\/index.php?rest_route=%2Fwp%2Fv2%2Fproduct_tag&post=90"}],"curies":[{"name":"wp","href":"https:\/\/api.w.org\/{rel}","templated":true}]}}